{"id":312,"date":"2021-03-01T10:35:05","date_gmt":"2021-03-01T10:35:05","guid":{"rendered":"https:\/\/terredibo.com\/chianti-docg\/"},"modified":"2025-11-25T09:56:32","modified_gmt":"2025-11-25T08:56:32","slug":"chianti-docg","status":"publish","type":"page","link":"https:\/\/terredibo.com\/it\/chianti-docg\/","title":{"rendered":"Chianti DOCG"},"content":{"rendered":"\n<p><h1>Chianti  DOCG<\/h1><br><br><div class=\"google_font\" style=\"font-family:'',Arial,Tahoma,sans-serif;font-size:25px;line-height:25px;font-weight:400;letter-spacing:0px;\">\\&#8221;Una bottiglia di vino  <br>contiene pi\u00f9 filosofia  <br>di tutti i libri del mondo\\&#8221;  <br><\/div>\n <br> <br>(Louis Pasteur)<br><br>Cronologia<br>Ad esempio, \\&#8221;Clanis\\&#8221; sembra essere il nome etrusco <br>di un torrente, originario nei pressi di Montegrossi <br>a Gaiole. Il nome Clante sembra essere sempre <br>associato all\\&#8217;acqua. Clante era anche il nome di <br>un\\&#8217;importante famiglia etrusca della zona che <br>compare in numerose iscrizioni. Se la famiglia <br>abbia preso il nome dal territorio o viceversa non \u00e8 <br>attualmente determinabile, ma \u00e8 abbastanza certo <br>che il nome \u201cChianti\u201d derivi da \u201cClante\u201d. <br> <br>La regione del Chianti nel suo insieme, comprese <br>tutte le sottozone e il Chianti Classico, si estende per <br>160 km da nord a sud. Situato principalmente tra <br>Firenze e Siena, il Chianti \u00e8 veramente situato nel <br>cuore della Toscana. L\\&#8217;altitudine varia tra 150 metri <br>e si estende fino a 600 metri. Elevazioni maggiori <br>tendono a produrre vini con un\\&#8217;acidit\u00e0 pi\u00f9 nitida e <br>una qualit\u00e0 pi\u00f9 fine.<br><br><br>GUARDA IL VIDEO<br><a href=\"https:\/\/www.youtube.com\/watch?v=9QYRBCS6IsI\">https:\/\/www.youtube.com\/watch?v=9QYRBCS6IsI<\/a><br><br><img decoding=\"async\" src=\"https:\/\/terredibo.com\/wp-content\/uploads\/2021\/03\/terre-di-bo-chianti-docg-etichetta.jpg\" alt=\"terre di bo etichetta chianti docg\"><br>fadeInUp<br><br><img decoding=\"async\" src=\"https:\/\/terredibo.com\/wp-content\/uploads\/2021\/03\/terre-di-bo-chianti-docg-ambientata2.jpg\" alt=\"terre di bo chianti docg con bicchiere\"><br><h3>Territorio<\/h3> <br> <br>\u00c8 prodotto nell\u2019area di Montalbano da una casa <br>Vinicola selezionata. <br> <br> <br>Oggi il nome \u201cChianti\u201d \u00e8 garanzia di vino nobile, <br>prodotto secondo rigide leggi che ne tutelano lo <br>standard qualitativo e con esso le caratteristiche <br>organolettiche.<br><br><br><img decoding=\"async\" src=\"https:\/\/terredibo.com\/wp-content\/uploads\/2021\/03\/terre-di-bo-toscana2-1.png\" alt=\"terre di bo toscana chianti docg\"><br><br>TABELLA CARATTERISTICHE<br> <br> <br> <br> <br> <br>UVE90% Sangiovese &#8211; 10% Canaiolo. <br> <br> <br> <br> <br> <br> <br>NOTE DI DEGUSTAZIONE <br>Colore: colore rosso rubino tendente al granato con <br>l\\&#8217;invecchiamento. <br>Profumo: aroma di frutta rossa, fresco e piacevole. <br>Sapore:  equilibrio e armonia di profumi e aromi. <br>\u00c8 armonico, sapido, leggermente tannico, morbido e <br>suadente, potenziale di invecchiamento medio. <br> <br> <br> <br> <br> <br>GRADAZIONE ALCOLICA 12,5% vol.Temperatura di servizio: 16-18\u00b0C<br><br> <br> <br>ABBINAMENTI GASTRONOMICIPerfetto con carne, pasta e tutte le ricette della tradizione toscana, dalle zuppe di verdure (Ribollita) alle carni rosse <br>alla griglia e al forno <br> <br><br>TABELLA IMBALLAGGIO &amp; PALLET<br>Codice EAN 8013345000583 <br> <br>Bottiglia:  Bordolese 750ml \u2013 Tappo Stelvin <br><hr class=\"no_line\" style=\"margin: 0 auto 0px auto\"\/>\n <br> <br>IMBALLAGGIO &amp; PALLET <br> <br> <br>BOTTIGLIA <br>CARTONE <br> PESO CARTONE <br> KG <br>CARTONI \/ <br>PALLET  <br>CARTONI \/ <br>STRATO <br>PESO L. <br>PALLET KG <br> <br> <br> <br>750ml <br>6 <br>7,80 <br>100 <br>25 x 4  <br>780 <br> <br> <br><img decoding=\"async\" src=\"https:\/\/terredibo.com\/wp-content\/uploads\/2021\/03\/bottiglia-singola-chianti.png\" alt=\"terre di bo bottiglia chianti docg\"><br>fadeInUp<br><br>SCARICA LA SCHEDA TECNICA<br><a href=\"https:\/\/terredibo.com\/wp-content\/uploads\/2021\/03\/TERRE-DI-BO-CHIANTI-ITA_compressed.pdf\">https:\/\/terredibo.com\/wp-content\/uploads\/2021\/03\/TERRE-DI-BO-CHIANTI-ITA_compressed.pdf<\/a><br><br>Ultime novit\u00e0 <br><br><a href=\"https:\/\/terredibo.com\/it\/amarone-della-valpolicella-docg\/\"><div class=\"image_frame image_item no_link scale-with-grid element_classes alignnone no_border\" ><div class=\"image_wrapper \"><img decoding=\"async\" class=\"scale-with-grid\" src=\"\" alt=\"\" title=\"\" width=\"\" height=\"\" style=\"\"\/><\/div><\/div>\n <br><\/a> <br>Amarone della Valpolicella DOCG<br><a href=\"https:\/\/terredibo.com\/it\/barolo-docg\/\"><div class=\"image_frame image_item no_link scale-with-grid element_classes alignnone no_border\" ><div class=\"image_wrapper \"><img decoding=\"async\" class=\"scale-with-grid\" src=\"\" alt=\"\" title=\"\" width=\"\" height=\"\" style=\"\"\/><\/div><\/div>\n <br><\/a> <br>Barolo DOCG<br><a href=\"https:\/\/terredibo.com\/it\/barbaresco-docg\/\"><div class=\"image_frame image_item no_link scale-with-grid element_classes alignnone no_border\" ><div class=\"image_wrapper \"><img decoding=\"async\" class=\"scale-with-grid\" src=\"\" alt=\"\" title=\"\" width=\"\" height=\"\" style=\"\"\/><\/div><\/div>\n <br><\/a> <br>Barbaresco DOCG<br><a href=\"https:\/\/terredibo.com\/it\/brunello-di-montalcino-docg\/\"><div class=\"image_frame image_item no_link scale-with-grid element_classes alignnone no_border\" ><div class=\"image_wrapper \"><img decoding=\"async\" class=\"scale-with-grid\" src=\"\" alt=\"\" title=\"\" width=\"\" height=\"\" style=\"\"\/><\/div><\/div>\n <br><\/a> <br>Brunellodi Montalcino DOCG<br><br>Compila il form <br> <br>Per qualsiasi informazione relativa ai nostri prodotti o per mettersi in contatto con la nostra rete commerciale. <br><hr class=\"no_line\" style=\"margin: 0 auto 0px auto\"\/>\n <br>CONTATTI <br><hr class=\"no_line\" style=\"margin: 0 auto 0px auto\"\/>\n <br>Tel. +39 0456448336  <br>E-mail info@gamafood.com<br><br><p class=\"wpcf7-contact-form-not-found\"><strong>Errore:<\/strong> Modulo di contatto non trovato.<\/p><br><br><\/p>\n","protected":false},"excerpt":{"rendered":"<p>Chianti DOCG (Louis Pasteur) CronologiaAd esempio, \\&#8221;Clanis\\&#8221; sembra essere il nome etrusco di un torrente, originario nei pressi di Montegrossi a Gaiole. Il nome Clante sembra<span class=\"excerpt-hellip\"> [\u2026]<\/span><\/p>\n","protected":false},"author":6,"featured_media":0,"parent":0,"menu_order":0,"comment_status":"closed","ping_status":"closed","template":"","meta":{"footnotes":""},"class_list":["post-312","page","type-page","status-publish","hentry"],"yoast_head":"<!-- This site is optimized with the Yoast SEO plugin v27.3 - https:\/\/yoast.com\/product\/yoast-seo-wordpress\/ -->\n<title>Chianti DOCG wine collection Terre di b\u00f2 - Terre di Bo<\/title>\n<meta name=\"description\" content=\"Aroma di frutta rossa, fresco e piacevole. Situato principalmente tra Firenze e Siena, il Chianti \u00e8 veramente nel cuore della Toscana.\" \/>\n<meta name=\"robots\" content=\"index, follow, max-snippet:-1, max-image-preview:large, max-video-preview:-1\" \/>\n<link rel=\"canonical\" href=\"https:\/\/terredibo.com\/it\/chianti-docg\/\" \/>\n<meta property=\"og:locale\" content=\"it_IT\" \/>\n<meta property=\"og:type\" content=\"article\" \/>\n<meta property=\"og:title\" content=\"Chianti DOCG wine collection Terre di b\u00f2 - Terre di Bo\" \/>\n<meta property=\"og:description\" content=\"Aroma di frutta rossa, fresco e piacevole. Situato principalmente tra Firenze e Siena, il Chianti \u00e8 veramente nel cuore della Toscana.\" \/>\n<meta property=\"og:url\" content=\"https:\/\/terredibo.com\/it\/chianti-docg\/\" \/>\n<meta property=\"og:site_name\" content=\"Terre di Bo\" \/>\n<meta property=\"article:publisher\" content=\"https:\/\/www.facebook.com\/profile.php?id=100008496946141\" \/>\n<meta property=\"article:modified_time\" content=\"2025-11-25T08:56:32+00:00\" \/>\n<meta property=\"og:image\" content=\"https:\/\/terredibo.com\/wp-content\/uploads\/2021\/03\/terre-di-bo-chianti-docg-etichetta.jpg\" \/>\n<meta name=\"twitter:card\" content=\"summary_large_image\" \/>\n<meta name=\"twitter:label1\" content=\"Tempo di lettura stimato\" \/>\n\t<meta name=\"twitter:data1\" content=\"3 minuti\" \/>\n<script type=\"application\/ld+json\" class=\"yoast-schema-graph\">{\"@context\":\"https:\\\/\\\/schema.org\",\"@graph\":[{\"@type\":\"WebPage\",\"@id\":\"https:\\\/\\\/terredibo.com\\\/it\\\/chianti-docg\\\/\",\"url\":\"https:\\\/\\\/terredibo.com\\\/it\\\/chianti-docg\\\/\",\"name\":\"Chianti DOCG wine collection Terre di b\u00f2 - Terre di Bo\",\"isPartOf\":{\"@id\":\"https:\\\/\\\/terredibo.com\\\/it\\\/#website\"},\"primaryImageOfPage\":{\"@id\":\"https:\\\/\\\/terredibo.com\\\/it\\\/chianti-docg\\\/#primaryimage\"},\"image\":{\"@id\":\"https:\\\/\\\/terredibo.com\\\/it\\\/chianti-docg\\\/#primaryimage\"},\"thumbnailUrl\":\"https:\\\/\\\/terredibo.com\\\/wp-content\\\/uploads\\\/2021\\\/03\\\/terre-di-bo-chianti-docg-etichetta.jpg\",\"datePublished\":\"2021-03-01T10:35:05+00:00\",\"dateModified\":\"2025-11-25T08:56:32+00:00\",\"description\":\"Aroma di frutta rossa, fresco e piacevole. Situato principalmente tra Firenze e Siena, il Chianti \u00e8 veramente nel cuore della Toscana.\",\"breadcrumb\":{\"@id\":\"https:\\\/\\\/terredibo.com\\\/it\\\/chianti-docg\\\/#breadcrumb\"},\"inLanguage\":\"it-IT\",\"potentialAction\":[{\"@type\":\"ReadAction\",\"target\":[\"https:\\\/\\\/terredibo.com\\\/it\\\/chianti-docg\\\/\"]}]},{\"@type\":\"ImageObject\",\"inLanguage\":\"it-IT\",\"@id\":\"https:\\\/\\\/terredibo.com\\\/it\\\/chianti-docg\\\/#primaryimage\",\"url\":\"https:\\\/\\\/terredibo.com\\\/wp-content\\\/uploads\\\/2021\\\/03\\\/terre-di-bo-chianti-docg-etichetta.jpg\",\"contentUrl\":\"https:\\\/\\\/terredibo.com\\\/wp-content\\\/uploads\\\/2021\\\/03\\\/terre-di-bo-chianti-docg-etichetta.jpg\"},{\"@type\":\"BreadcrumbList\",\"@id\":\"https:\\\/\\\/terredibo.com\\\/it\\\/chianti-docg\\\/#breadcrumb\",\"itemListElement\":[{\"@type\":\"ListItem\",\"position\":1,\"name\":\"Home\",\"item\":\"https:\\\/\\\/terredibo.com\\\/it\\\/\"},{\"@type\":\"ListItem\",\"position\":2,\"name\":\"Chianti DOCG\"}]},{\"@type\":\"WebSite\",\"@id\":\"https:\\\/\\\/terredibo.com\\\/it\\\/#website\",\"url\":\"https:\\\/\\\/terredibo.com\\\/it\\\/\",\"name\":\"Terre di Bo\",\"description\":\"Ogni vino \u00e8 portatore di emozioni\",\"publisher\":{\"@id\":\"https:\\\/\\\/terredibo.com\\\/it\\\/#organization\"},\"potentialAction\":[{\"@type\":\"SearchAction\",\"target\":{\"@type\":\"EntryPoint\",\"urlTemplate\":\"https:\\\/\\\/terredibo.com\\\/it\\\/?s={search_term_string}\"},\"query-input\":{\"@type\":\"PropertyValueSpecification\",\"valueRequired\":true,\"valueName\":\"search_term_string\"}}],\"inLanguage\":\"it-IT\"},{\"@type\":\"Organization\",\"@id\":\"https:\\\/\\\/terredibo.com\\\/it\\\/#organization\",\"name\":\"Terre di bo\",\"url\":\"https:\\\/\\\/terredibo.com\\\/it\\\/\",\"logo\":{\"@type\":\"ImageObject\",\"inLanguage\":\"it-IT\",\"@id\":\"https:\\\/\\\/terredibo.com\\\/it\\\/#\\\/schema\\\/logo\\\/image\\\/\",\"url\":\"https:\\\/\\\/terredibo.com\\\/wp-content\\\/uploads\\\/2021\\\/02\\\/logo-terredi-bo-e1613744031390.jpg\",\"contentUrl\":\"https:\\\/\\\/terredibo.com\\\/wp-content\\\/uploads\\\/2021\\\/02\\\/logo-terredi-bo-e1613744031390.jpg\",\"width\":200,\"height\":193,\"caption\":\"Terre di bo\"},\"image\":{\"@id\":\"https:\\\/\\\/terredibo.com\\\/it\\\/#\\\/schema\\\/logo\\\/image\\\/\"},\"sameAs\":[\"https:\\\/\\\/www.facebook.com\\\/profile.php?id=100008496946141\"]}]}<\/script>\n<!-- \/ Yoast SEO plugin. -->","yoast_head_json":{"title":"Chianti DOCG wine collection Terre di b\u00f2 - Terre di Bo","description":"Aroma di frutta rossa, fresco e piacevole. Situato principalmente tra Firenze e Siena, il Chianti \u00e8 veramente nel cuore della Toscana.","robots":{"index":"index","follow":"follow","max-snippet":"max-snippet:-1","max-image-preview":"max-image-preview:large","max-video-preview":"max-video-preview:-1"},"canonical":"https:\/\/terredibo.com\/it\/chianti-docg\/","og_locale":"it_IT","og_type":"article","og_title":"Chianti DOCG wine collection Terre di b\u00f2 - Terre di Bo","og_description":"Aroma di frutta rossa, fresco e piacevole. Situato principalmente tra Firenze e Siena, il Chianti \u00e8 veramente nel cuore della Toscana.","og_url":"https:\/\/terredibo.com\/it\/chianti-docg\/","og_site_name":"Terre di Bo","article_publisher":"https:\/\/www.facebook.com\/profile.php?id=100008496946141","article_modified_time":"2025-11-25T08:56:32+00:00","og_image":[{"url":"https:\/\/terredibo.com\/wp-content\/uploads\/2021\/03\/terre-di-bo-chianti-docg-etichetta.jpg","type":"","width":"","height":""}],"twitter_card":"summary_large_image","twitter_misc":{"Tempo di lettura stimato":"3 minuti"},"schema":{"@context":"https:\/\/schema.org","@graph":[{"@type":"WebPage","@id":"https:\/\/terredibo.com\/it\/chianti-docg\/","url":"https:\/\/terredibo.com\/it\/chianti-docg\/","name":"Chianti DOCG wine collection Terre di b\u00f2 - Terre di Bo","isPartOf":{"@id":"https:\/\/terredibo.com\/it\/#website"},"primaryImageOfPage":{"@id":"https:\/\/terredibo.com\/it\/chianti-docg\/#primaryimage"},"image":{"@id":"https:\/\/terredibo.com\/it\/chianti-docg\/#primaryimage"},"thumbnailUrl":"https:\/\/terredibo.com\/wp-content\/uploads\/2021\/03\/terre-di-bo-chianti-docg-etichetta.jpg","datePublished":"2021-03-01T10:35:05+00:00","dateModified":"2025-11-25T08:56:32+00:00","description":"Aroma di frutta rossa, fresco e piacevole. Situato principalmente tra Firenze e Siena, il Chianti \u00e8 veramente nel cuore della Toscana.","breadcrumb":{"@id":"https:\/\/terredibo.com\/it\/chianti-docg\/#breadcrumb"},"inLanguage":"it-IT","potentialAction":[{"@type":"ReadAction","target":["https:\/\/terredibo.com\/it\/chianti-docg\/"]}]},{"@type":"ImageObject","inLanguage":"it-IT","@id":"https:\/\/terredibo.com\/it\/chianti-docg\/#primaryimage","url":"https:\/\/terredibo.com\/wp-content\/uploads\/2021\/03\/terre-di-bo-chianti-docg-etichetta.jpg","contentUrl":"https:\/\/terredibo.com\/wp-content\/uploads\/2021\/03\/terre-di-bo-chianti-docg-etichetta.jpg"},{"@type":"BreadcrumbList","@id":"https:\/\/terredibo.com\/it\/chianti-docg\/#breadcrumb","itemListElement":[{"@type":"ListItem","position":1,"name":"Home","item":"https:\/\/terredibo.com\/it\/"},{"@type":"ListItem","position":2,"name":"Chianti DOCG"}]},{"@type":"WebSite","@id":"https:\/\/terredibo.com\/it\/#website","url":"https:\/\/terredibo.com\/it\/","name":"Terre di Bo","description":"Ogni vino \u00e8 portatore di emozioni","publisher":{"@id":"https:\/\/terredibo.com\/it\/#organization"},"potentialAction":[{"@type":"SearchAction","target":{"@type":"EntryPoint","urlTemplate":"https:\/\/terredibo.com\/it\/?s={search_term_string}"},"query-input":{"@type":"PropertyValueSpecification","valueRequired":true,"valueName":"search_term_string"}}],"inLanguage":"it-IT"},{"@type":"Organization","@id":"https:\/\/terredibo.com\/it\/#organization","name":"Terre di bo","url":"https:\/\/terredibo.com\/it\/","logo":{"@type":"ImageObject","inLanguage":"it-IT","@id":"https:\/\/terredibo.com\/it\/#\/schema\/logo\/image\/","url":"https:\/\/terredibo.com\/wp-content\/uploads\/2021\/02\/logo-terredi-bo-e1613744031390.jpg","contentUrl":"https:\/\/terredibo.com\/wp-content\/uploads\/2021\/02\/logo-terredi-bo-e1613744031390.jpg","width":200,"height":193,"caption":"Terre di bo"},"image":{"@id":"https:\/\/terredibo.com\/it\/#\/schema\/logo\/image\/"},"sameAs":["https:\/\/www.facebook.com\/profile.php?id=100008496946141"]}]}},"_links":{"self":[{"href":"https:\/\/terredibo.com\/it\/wp-json\/wp\/v2\/pages\/312","targetHints":{"allow":["GET"]}}],"collection":[{"href":"https:\/\/terredibo.com\/it\/wp-json\/wp\/v2\/pages"}],"about":[{"href":"https:\/\/terredibo.com\/it\/wp-json\/wp\/v2\/types\/page"}],"author":[{"embeddable":true,"href":"https:\/\/terredibo.com\/it\/wp-json\/wp\/v2\/users\/6"}],"replies":[{"embeddable":true,"href":"https:\/\/terredibo.com\/it\/wp-json\/wp\/v2\/comments?post=312"}],"version-history":[{"count":2,"href":"https:\/\/terredibo.com\/it\/wp-json\/wp\/v2\/pages\/312\/revisions"}],"predecessor-version":[{"id":505,"href":"https:\/\/terredibo.com\/it\/wp-json\/wp\/v2\/pages\/312\/revisions\/505"}],"wp:attachment":[{"href":"https:\/\/terredibo.com\/it\/wp-json\/wp\/v2\/media?parent=312"}],"curies":[{"name":"wp","href":"https:\/\/api.w.org\/{rel}","templated":true}]}}