{"id":311,"date":"2021-03-01T11:06:08","date_gmt":"2021-03-01T11:06:08","guid":{"rendered":"https:\/\/terredibo.com\/chianti-riserva-docg\/"},"modified":"2025-11-25T09:56:03","modified_gmt":"2025-11-25T08:56:03","slug":"chianti-riserva-docg","status":"publish","type":"page","link":"https:\/\/terredibo.com\/it\/chianti-riserva-docg\/","title":{"rendered":"Chianti Riserva DOCG"},"content":{"rendered":"\n<p><h1>Chianti Riserva  DOCG<\/h1><br><br><div class=\"google_font\" style=\"font-family:'',Arial,Tahoma,sans-serif;font-size:25px;line-height:25px;font-weight:400;letter-spacing:0px;\">\\&#8221;Ogni momento  <br>\u00e8 un nuovo inizio.\\&#8221;  <br><\/div>\n <br> <br>(T. S. Eliot)<br><br>Cronologia<br>Ad esempio, \\&#8221;Clanis\\&#8221; sembra essere il nome etrusco <br>di un torrente, originario nei pressi di Montegrossi <br>a Gaiole. Il nome Clante sembra essere sempre <br>associato all\\&#8217;acqua. Clante era anche il nome di <br>un\\&#8217;importante famiglia etrusca della zona che <br>compare in numerose iscrizioni. Se la famiglia <br>abbia preso il nome dal territorio o viceversa non \u00e8 <br>attualmente determinabile, ma \u00e8 abbastanza certo <br>che il nome \u201cChianti\u201d derivi da \u201cClante\u201d. <br> <br>Il documentario pi\u00f9 antico finora conosciuto del nome <br>\\&#8221;Chianti\\&#8221; \u00e8 una copia del 12 C di un atto di donazione <br>datato 790. <br>La regione del Chianti nel suo insieme, comprese <br>tutte le sottozone e il Chianti Classico, si estende per <br>160 km da nord a sud. Situato principalmente tra <br>Firenze e Siena, il Chianti \u00e8 veramente situato nel <br>cuore della Toscana. L\\&#8217;altitudine varia tra 150 metri <br>e si estende fino a 600 metri. Elevazioni maggiori <br>tendono a produrre vini con un\\&#8217;acidit\u00e0 pi\u00f9 nitida e <br>una qualit\u00e0 pi\u00f9 fine.<br><br>GUARDA LO SPOT<br><a href=\"https:\/\/www.youtube.com\/watch?v=EJy2abfm-DE\">https:\/\/www.youtube.com\/watch?v=EJy2abfm-DE<\/a><br><br><img decoding=\"async\" src=\"https:\/\/terredibo.com\/wp-content\/uploads\/2021\/03\/terre-di-bo-chianti-riserva-docg-etichetta.jpg\" alt=\"terre di bo etichetta chianti riserva docg\"><br>fadeInUp<br><br><img decoding=\"async\" src=\"https:\/\/terredibo.com\/wp-content\/uploads\/2021\/03\/terre-di-bo-chianti-riserva_ambientata.jpg\" alt=\"terre di bo bottiglia di chianti riserva docg con bichiere\"><br><h3>Territorio<\/h3> <br> <br>\u00c8 prodotto nell\u2019area di Montalbano da una casa <br>Vinicola selezionata. <br> <br> <br>Oggi il nome \u201cChianti\u201d \u00e8 garanzia di vino nobile, <br>prodotto secondo rigide leggi che ne tutelano lo <br>standard qualitativo e con esso le caratteristiche <br>organolettiche. <br> <br> <br>Il Chianti RISERVA deve essere invecchiato per <br>almeno due anni, e almeno tre mesi in bottiglia per <br>essere denominato Riserva.<br><br><img decoding=\"async\" src=\"https:\/\/terredibo.com\/wp-content\/uploads\/2021\/03\/terre-di-bo-toscana3-1.png\" alt=\"terre di bo toscana chianti riserva\"><br>center<br><br>TABELLA CARATTERISTICHE<br> <br> <br> <br> <br> <br>UVE100% Sangiovese. <br> <br> <br> <br> <br> <br>VINIFICAZIONEIl Chianti deve essere invecchiato per almeno due anni, <br>e almeno tre mesi in bottiglia per essere classificato <br>come \\&#8221;Riserva\\&#8221; <br> <br> <br> <br> <br> <br> <br>TASTING NOTES <br>Colore: rosso vivo intenso. <br>Profumo: intenso, pulito, caratterizzato da note che <br>ricordano frutti rossi, more, ribes nero e piacevoli sentori <br>di vaniglia. <br> <br>Sapore: Vinoso, ben equilibrato da morbidezza e <br>acidit\u00e0, armonico, sapido, leggermente tannico, <br>morbido e suadente <br> <br> <br> <br> <br> <br>GRADAZIONE ALCOLICA 13% vol.Temperatura di servizio: 18-20\u00b0C <br> <br> <br> <br> <br> <br> <br>ABBINAMENTI GASTRONOMICICarni alla griglia e arrosto, maiale, selvaggina, pasta e <br>formaggi stagionati. <br> <br><br>TABELLA IMBALLAGGIO &amp; PALLET<br>Codice EAN 8013345000590 <br><hr class=\"no_line\" style=\"margin: 0 auto 0px auto\"\/>\n <br>IMBALLAGGIO &amp; PALLET <br> <br> <br>BOTTIGLIA <br>CARTONE <br> PESO CARTONE <br> KG <br>CARTONI \/ <br>PALLET <br>CARTONI \/ <br>STRATO <br>PESO L. <br>PALLET KG <br> <br> <br> <br>750ml <br>6 <br>7,80 <br>125 <br>25 x 5  <br>975 <br> <br> <br> <br>750ml <br>12 <br>15,60 <br>70 <br>14 x 5 <br>1092 <br> <br><br>&lt; SCROLL ><br><br><img decoding=\"async\" src=\"https:\/\/terredibo.com\/wp-content\/uploads\/2021\/03\/bottiglia-singola-chianti_riserva.png\" alt=\"terre di bo bottiglia chianti riserva docg\"><br><br>SCARICA LA SCHEDA TECNICA<br><a href=\"https:\/\/terredibo.com\/wp-content\/uploads\/2021\/03\/TERRE-DI-BO-CHIANTI-RISERVA-ITA_compressed.pdf\">https:\/\/terredibo.com\/wp-content\/uploads\/2021\/03\/TERRE-DI-BO-CHIANTI-RISERVA-ITA_compressed.pdf<\/a><br><br><br>CHIANTI RISERVA 2016<br>icon-acrobat<br>REVIEWS AND AWARDS  <br>ANNUARIO DEI <br>MIGLIORI  VINI ITALIANI <br>2020<br><a href=\"https:\/\/terredibo.com\/wp-content\/uploads\/2021\/03\/chianti-riserva-terre-di-bo-luca-maroni.pdf\">https:\/\/terredibo.com\/wp-content\/uploads\/2021\/03\/chianti-riserva-terre-di-bo-luca-maroni.pdf<\/a><br><br><br><div class=\"image_frame image_item no_link scale-with-grid element_classes alignnone no_border\" ><div class=\"image_wrapper \"><img decoding=\"async\" class=\"scale-with-grid\" src=\"\" alt=\"\" title=\"\" width=\"\" height=\"\" style=\"\"\/><\/div><\/div>\n <br><hr class=\"no_line\" style=\"margin: 0 auto 0px auto\"\/>\n <br> <br>Amarone della Valpolicella DOCG<br><br><div class=\"image_frame image_item no_link scale-with-grid element_classes alignnone no_border\" ><div class=\"image_wrapper \"><img decoding=\"async\" class=\"scale-with-grid\" src=\"\" alt=\"\" title=\"\" width=\"\" height=\"\" style=\"\"\/><\/div><\/div>\n <br><hr class=\"no_line\" style=\"margin: 0 auto 0px auto\"\/>\n <br> <br>Barolo DOCG<br><br><div class=\"image_frame image_item no_link scale-with-grid element_classes alignnone no_border\" ><div class=\"image_wrapper \"><img decoding=\"async\" class=\"scale-with-grid\" src=\"\" alt=\"\" title=\"\" width=\"\" height=\"\" style=\"\"\/><\/div><\/div>\n <br><hr class=\"no_line\" style=\"margin: 0 auto 0px auto\"\/>\n <br> <br>Barbaresco DOCG<br><br><div class=\"image_frame image_item no_link scale-with-grid element_classes alignnone no_border\" ><div class=\"image_wrapper \"><img decoding=\"async\" class=\"scale-with-grid\" src=\"\" alt=\"\" title=\"\" width=\"\" height=\"\" style=\"\"\/><\/div><\/div>\n <br><hr class=\"no_line\" style=\"margin: 0 auto 0px auto\"\/>\n <br> <br>Brunellodi Montalcino DOCG<br><br><br>Compila il form <br> <br>Per qualsiasi informazione relativa ai nostri prodotti o per mettersi in contatto con la nostra rete commerciale. <br><hr class=\"no_line\" style=\"margin: 0 auto 0px auto\"\/>\n <br>CONTATTI <br><hr class=\"no_line\" style=\"margin: 0 auto 0px auto\"\/>\n <br>Tel. +39 0456448336  <br>E-mail info@gamafood.com<br><br><p class=\"wpcf7-contact-form-not-found\"><strong>Errore:<\/strong> Modulo di contatto non trovato.<\/p><br><br><br><\/p>\n","protected":false},"excerpt":{"rendered":"<p>Chianti Riserva DOCG (T. S. Eliot) CronologiaAd esempio, \\&#8221;Clanis\\&#8221; sembra essere il nome etrusco di un torrente, originario nei pressi di Montegrossi a Gaiole. Il nome<span class=\"excerpt-hellip\"> [\u2026]<\/span><\/p>\n","protected":false},"author":6,"featured_media":0,"parent":0,"menu_order":0,"comment_status":"closed","ping_status":"closed","template":"","meta":{"footnotes":""},"class_list":["post-311","page","type-page","status-publish","hentry"],"yoast_head":"<!-- This site is optimized with the Yoast SEO plugin v27.4 - https:\/\/yoast.com\/product\/yoast-seo-wordpress\/ -->\n<title>Chianti Riserva DOCG wine collection Terre di b\u00f2 - Terre di Bo<\/title>\n<meta name=\"description\" content=\"Profumo intenso e pulito il chianti riserva ha un sapore ben equilibrato adatto a carni alla griglia e arrosto, pasta e formaggi stagionati.\" \/>\n<meta name=\"robots\" content=\"index, follow, max-snippet:-1, max-image-preview:large, max-video-preview:-1\" \/>\n<link rel=\"canonical\" href=\"https:\/\/terredibo.com\/it\/chianti-riserva-docg\/\" \/>\n<meta property=\"og:locale\" content=\"it_IT\" \/>\n<meta property=\"og:type\" content=\"article\" \/>\n<meta property=\"og:title\" content=\"Chianti Riserva DOCG wine collection Terre di b\u00f2 - Terre di Bo\" \/>\n<meta property=\"og:description\" content=\"Profumo intenso e pulito il chianti riserva ha un sapore ben equilibrato adatto a carni alla griglia e arrosto, pasta e formaggi stagionati.\" \/>\n<meta property=\"og:url\" content=\"https:\/\/terredibo.com\/it\/chianti-riserva-docg\/\" \/>\n<meta property=\"og:site_name\" content=\"Terre di Bo\" \/>\n<meta property=\"article:publisher\" content=\"https:\/\/www.facebook.com\/profile.php?id=100008496946141\" \/>\n<meta property=\"article:modified_time\" content=\"2025-11-25T08:56:03+00:00\" \/>\n<meta property=\"og:image\" content=\"https:\/\/terredibo.com\/wp-content\/uploads\/2021\/03\/terre-di-bo-chianti-riserva-docg-etichetta.jpg\" \/>\n<meta name=\"twitter:card\" content=\"summary_large_image\" \/>\n<meta name=\"twitter:label1\" content=\"Tempo di lettura stimato\" \/>\n\t<meta name=\"twitter:data1\" content=\"4 minuti\" \/>\n<script type=\"application\/ld+json\" class=\"yoast-schema-graph\">{\"@context\":\"https:\\\/\\\/schema.org\",\"@graph\":[{\"@type\":\"WebPage\",\"@id\":\"https:\\\/\\\/terredibo.com\\\/it\\\/chianti-riserva-docg\\\/\",\"url\":\"https:\\\/\\\/terredibo.com\\\/it\\\/chianti-riserva-docg\\\/\",\"name\":\"Chianti Riserva DOCG wine collection Terre di b\u00f2 - Terre di Bo\",\"isPartOf\":{\"@id\":\"https:\\\/\\\/terredibo.com\\\/it\\\/#website\"},\"primaryImageOfPage\":{\"@id\":\"https:\\\/\\\/terredibo.com\\\/it\\\/chianti-riserva-docg\\\/#primaryimage\"},\"image\":{\"@id\":\"https:\\\/\\\/terredibo.com\\\/it\\\/chianti-riserva-docg\\\/#primaryimage\"},\"thumbnailUrl\":\"https:\\\/\\\/terredibo.com\\\/wp-content\\\/uploads\\\/2021\\\/03\\\/terre-di-bo-chianti-riserva-docg-etichetta.jpg\",\"datePublished\":\"2021-03-01T11:06:08+00:00\",\"dateModified\":\"2025-11-25T08:56:03+00:00\",\"description\":\"Profumo intenso e pulito il chianti riserva ha un sapore ben equilibrato adatto a carni alla griglia e arrosto, pasta e formaggi stagionati.\",\"breadcrumb\":{\"@id\":\"https:\\\/\\\/terredibo.com\\\/it\\\/chianti-riserva-docg\\\/#breadcrumb\"},\"inLanguage\":\"it-IT\",\"potentialAction\":[{\"@type\":\"ReadAction\",\"target\":[\"https:\\\/\\\/terredibo.com\\\/it\\\/chianti-riserva-docg\\\/\"]}]},{\"@type\":\"ImageObject\",\"inLanguage\":\"it-IT\",\"@id\":\"https:\\\/\\\/terredibo.com\\\/it\\\/chianti-riserva-docg\\\/#primaryimage\",\"url\":\"https:\\\/\\\/terredibo.com\\\/wp-content\\\/uploads\\\/2021\\\/03\\\/terre-di-bo-chianti-riserva-docg-etichetta.jpg\",\"contentUrl\":\"https:\\\/\\\/terredibo.com\\\/wp-content\\\/uploads\\\/2021\\\/03\\\/terre-di-bo-chianti-riserva-docg-etichetta.jpg\"},{\"@type\":\"BreadcrumbList\",\"@id\":\"https:\\\/\\\/terredibo.com\\\/it\\\/chianti-riserva-docg\\\/#breadcrumb\",\"itemListElement\":[{\"@type\":\"ListItem\",\"position\":1,\"name\":\"Home\",\"item\":\"https:\\\/\\\/terredibo.com\\\/it\\\/\"},{\"@type\":\"ListItem\",\"position\":2,\"name\":\"Chianti Riserva DOCG\"}]},{\"@type\":\"WebSite\",\"@id\":\"https:\\\/\\\/terredibo.com\\\/it\\\/#website\",\"url\":\"https:\\\/\\\/terredibo.com\\\/it\\\/\",\"name\":\"Terre di Bo\",\"description\":\"Ogni vino \u00e8 portatore di emozioni\",\"publisher\":{\"@id\":\"https:\\\/\\\/terredibo.com\\\/it\\\/#organization\"},\"potentialAction\":[{\"@type\":\"SearchAction\",\"target\":{\"@type\":\"EntryPoint\",\"urlTemplate\":\"https:\\\/\\\/terredibo.com\\\/it\\\/?s={search_term_string}\"},\"query-input\":{\"@type\":\"PropertyValueSpecification\",\"valueRequired\":true,\"valueName\":\"search_term_string\"}}],\"inLanguage\":\"it-IT\"},{\"@type\":\"Organization\",\"@id\":\"https:\\\/\\\/terredibo.com\\\/it\\\/#organization\",\"name\":\"Terre di bo\",\"url\":\"https:\\\/\\\/terredibo.com\\\/it\\\/\",\"logo\":{\"@type\":\"ImageObject\",\"inLanguage\":\"it-IT\",\"@id\":\"https:\\\/\\\/terredibo.com\\\/it\\\/#\\\/schema\\\/logo\\\/image\\\/\",\"url\":\"https:\\\/\\\/terredibo.com\\\/wp-content\\\/uploads\\\/2021\\\/02\\\/logo-terredi-bo-e1613744031390.jpg\",\"contentUrl\":\"https:\\\/\\\/terredibo.com\\\/wp-content\\\/uploads\\\/2021\\\/02\\\/logo-terredi-bo-e1613744031390.jpg\",\"width\":200,\"height\":193,\"caption\":\"Terre di bo\"},\"image\":{\"@id\":\"https:\\\/\\\/terredibo.com\\\/it\\\/#\\\/schema\\\/logo\\\/image\\\/\"},\"sameAs\":[\"https:\\\/\\\/www.facebook.com\\\/profile.php?id=100008496946141\"]}]}<\/script>\n<!-- \/ Yoast SEO plugin. -->","yoast_head_json":{"title":"Chianti Riserva DOCG wine collection Terre di b\u00f2 - Terre di Bo","description":"Profumo intenso e pulito il chianti riserva ha un sapore ben equilibrato adatto a carni alla griglia e arrosto, pasta e formaggi stagionati.","robots":{"index":"index","follow":"follow","max-snippet":"max-snippet:-1","max-image-preview":"max-image-preview:large","max-video-preview":"max-video-preview:-1"},"canonical":"https:\/\/terredibo.com\/it\/chianti-riserva-docg\/","og_locale":"it_IT","og_type":"article","og_title":"Chianti Riserva DOCG wine collection Terre di b\u00f2 - Terre di Bo","og_description":"Profumo intenso e pulito il chianti riserva ha un sapore ben equilibrato adatto a carni alla griglia e arrosto, pasta e formaggi stagionati.","og_url":"https:\/\/terredibo.com\/it\/chianti-riserva-docg\/","og_site_name":"Terre di Bo","article_publisher":"https:\/\/www.facebook.com\/profile.php?id=100008496946141","article_modified_time":"2025-11-25T08:56:03+00:00","og_image":[{"url":"https:\/\/terredibo.com\/wp-content\/uploads\/2021\/03\/terre-di-bo-chianti-riserva-docg-etichetta.jpg","type":"","width":"","height":""}],"twitter_card":"summary_large_image","twitter_misc":{"Tempo di lettura stimato":"4 minuti"},"schema":{"@context":"https:\/\/schema.org","@graph":[{"@type":"WebPage","@id":"https:\/\/terredibo.com\/it\/chianti-riserva-docg\/","url":"https:\/\/terredibo.com\/it\/chianti-riserva-docg\/","name":"Chianti Riserva DOCG wine collection Terre di b\u00f2 - Terre di Bo","isPartOf":{"@id":"https:\/\/terredibo.com\/it\/#website"},"primaryImageOfPage":{"@id":"https:\/\/terredibo.com\/it\/chianti-riserva-docg\/#primaryimage"},"image":{"@id":"https:\/\/terredibo.com\/it\/chianti-riserva-docg\/#primaryimage"},"thumbnailUrl":"https:\/\/terredibo.com\/wp-content\/uploads\/2021\/03\/terre-di-bo-chianti-riserva-docg-etichetta.jpg","datePublished":"2021-03-01T11:06:08+00:00","dateModified":"2025-11-25T08:56:03+00:00","description":"Profumo intenso e pulito il chianti riserva ha un sapore ben equilibrato adatto a carni alla griglia e arrosto, pasta e formaggi stagionati.","breadcrumb":{"@id":"https:\/\/terredibo.com\/it\/chianti-riserva-docg\/#breadcrumb"},"inLanguage":"it-IT","potentialAction":[{"@type":"ReadAction","target":["https:\/\/terredibo.com\/it\/chianti-riserva-docg\/"]}]},{"@type":"ImageObject","inLanguage":"it-IT","@id":"https:\/\/terredibo.com\/it\/chianti-riserva-docg\/#primaryimage","url":"https:\/\/terredibo.com\/wp-content\/uploads\/2021\/03\/terre-di-bo-chianti-riserva-docg-etichetta.jpg","contentUrl":"https:\/\/terredibo.com\/wp-content\/uploads\/2021\/03\/terre-di-bo-chianti-riserva-docg-etichetta.jpg"},{"@type":"BreadcrumbList","@id":"https:\/\/terredibo.com\/it\/chianti-riserva-docg\/#breadcrumb","itemListElement":[{"@type":"ListItem","position":1,"name":"Home","item":"https:\/\/terredibo.com\/it\/"},{"@type":"ListItem","position":2,"name":"Chianti Riserva DOCG"}]},{"@type":"WebSite","@id":"https:\/\/terredibo.com\/it\/#website","url":"https:\/\/terredibo.com\/it\/","name":"Terre di Bo","description":"Ogni vino \u00e8 portatore di emozioni","publisher":{"@id":"https:\/\/terredibo.com\/it\/#organization"},"potentialAction":[{"@type":"SearchAction","target":{"@type":"EntryPoint","urlTemplate":"https:\/\/terredibo.com\/it\/?s={search_term_string}"},"query-input":{"@type":"PropertyValueSpecification","valueRequired":true,"valueName":"search_term_string"}}],"inLanguage":"it-IT"},{"@type":"Organization","@id":"https:\/\/terredibo.com\/it\/#organization","name":"Terre di bo","url":"https:\/\/terredibo.com\/it\/","logo":{"@type":"ImageObject","inLanguage":"it-IT","@id":"https:\/\/terredibo.com\/it\/#\/schema\/logo\/image\/","url":"https:\/\/terredibo.com\/wp-content\/uploads\/2021\/02\/logo-terredi-bo-e1613744031390.jpg","contentUrl":"https:\/\/terredibo.com\/wp-content\/uploads\/2021\/02\/logo-terredi-bo-e1613744031390.jpg","width":200,"height":193,"caption":"Terre di bo"},"image":{"@id":"https:\/\/terredibo.com\/it\/#\/schema\/logo\/image\/"},"sameAs":["https:\/\/www.facebook.com\/profile.php?id=100008496946141"]}]}},"_links":{"self":[{"href":"https:\/\/terredibo.com\/it\/wp-json\/wp\/v2\/pages\/311","targetHints":{"allow":["GET"]}}],"collection":[{"href":"https:\/\/terredibo.com\/it\/wp-json\/wp\/v2\/pages"}],"about":[{"href":"https:\/\/terredibo.com\/it\/wp-json\/wp\/v2\/types\/page"}],"author":[{"embeddable":true,"href":"https:\/\/terredibo.com\/it\/wp-json\/wp\/v2\/users\/6"}],"replies":[{"embeddable":true,"href":"https:\/\/terredibo.com\/it\/wp-json\/wp\/v2\/comments?post=311"}],"version-history":[{"count":2,"href":"https:\/\/terredibo.com\/it\/wp-json\/wp\/v2\/pages\/311\/revisions"}],"predecessor-version":[{"id":507,"href":"https:\/\/terredibo.com\/it\/wp-json\/wp\/v2\/pages\/311\/revisions\/507"}],"wp:attachment":[{"href":"https:\/\/terredibo.com\/it\/wp-json\/wp\/v2\/media?parent=311"}],"curies":[{"name":"wp","href":"https:\/\/api.w.org\/{rel}","templated":true}]}}