{"id":174,"date":"2021-02-27T11:03:10","date_gmt":"2021-02-27T11:03:10","guid":{"rendered":"https:\/\/terredibo.com\/who-we-are\/"},"modified":"2021-03-22T14:58:05","modified_gmt":"2021-03-22T14:58:05","slug":"chi-siamo","status":"publish","type":"page","link":"https:\/\/terredibo.com\/it\/chi-siamo\/","title":{"rendered":"Chi siamo"},"content":{"rendered":"\n<p><\/p>\n\n\n\n<p><img decoding=\"async\" src=\"https:\/\/terredibo.com\/wp-content\/uploads\/2021\/02\/logo-gamafood.png\" alt=\"\"><br><br><br><h2>DAL 1985, UNA STORIA DI PASSIONE E PROFESSIONALIT\u00c0<\/h2><br><br><img decoding=\"async\" src=\"https:\/\/terredibo.com\/wp-content\/uploads\/2021\/02\/grappolo-uva.jpg\" alt=\"\"><br><br>GAMAFOOD nasce nel 1985 come agenzia che promuove il patrimonio agro alimentare italiano principalmente nei mercati esteri.   <br>Crediamo che ogni territorio, ogni regione d\u2019Italia ha la sua storia, i suoi segreti, che possono essere svelati attraverso l\u2019incontro del gusto, dei profumi, delle mani di chi produce la storia e l\u2019essenza di cio\u0300 che siamo. <br>La valorizzazione del patrimonio agroalimentare italiani costituisce, al pari di quello artistico-culturale ed ambientale, una grande potenzialita\u0300 di sviluppo economico dell\u2019intero paese. <br>Ricerchiamo e conosciamo personalmente ogni singolo produttore \u2026 <br>Vi narriamo la sua storia, raccontiamo il suo territorio, parliamo di vino,  viaggiamo per questa Italia meravigliosa.<br><br><br>Ad oggi possiamo dire di aver \u201cspedito\u201d l\u2019Eccellenza Made in Italy in gran parte del mondo USA, Giappone, Cina, Vietnam, Corea, Malesia nonch\u00e9 in numerosi paesi Europei.  <br>I nostri produttori, le nostre scelte\u2026 <br>Solo aziende agroalimentari italiane che producono prodotti tipici, legati alla tradizione Made in Italy <br>TERRE DI BO Collection  \u00e8 un viaggio in alcune regioni italiane dove sono prodotti i vini pi\u00f9 conosciuti al mondo, apprezzati dai grandi appassionati e rappresentano il valore e l\\&#8217;onore  dell\u2019enologia italiana.<br><br><br><br>Paesi<br>24<br><br><br>Prodotti<br>875<br><br><br>Produttori<br>23<br><br><br><h3>I nostri punti di forza<\/h3><br><br><div class=\"image_frame image_item no_link scale-with-grid element_classes alignnone no_border\" ><div class=\"image_wrapper \"><img decoding=\"async\" class=\"scale-with-grid\" src=\"\" alt=\"\" title=\"\" width=\"\" height=\"\" style=\"\"\/><\/div><\/div>\n <br><hr class=\"no_line\" style=\"margin: 0 auto 0px auto\"\/>\n <br><h4>ESPERIENZA<\/h4> <br>35 anni di esperienza condivisa con i nostri partner.<br><br><br><div class=\"image_frame image_item no_link scale-with-grid element_classes alignnone no_border\" ><div class=\"image_wrapper \"><img decoding=\"async\" class=\"scale-with-grid\" src=\"\" alt=\"\" title=\"\" width=\"\" height=\"\" style=\"\"\/><\/div><\/div>\n <br><h4>PASSIONE<\/h4> <br>la PASSIONE e la professionalit\u00e0 nel preservare la peculiarit\u00e0 del prodotto italiano per diffonderlo  <br>nei mercati esteri sempre pi\u00f9 curiosi e attratti dal made in Italy. <br><br><br><div class=\"image_frame image_item no_link scale-with-grid element_classes alignnone no_border\" ><div class=\"image_wrapper \"><img decoding=\"async\" class=\"scale-with-grid\" src=\"\" alt=\"\" title=\"\" width=\"\" height=\"\" style=\"\"\/><\/div><\/div>\n <br><h4>FIDUCIA<\/h4> <br>I rapporti sono basati sul rispetto e la fiducia reciproca, costruiti negli anni.<br><br><br><div class=\"image_frame image_item no_link scale-with-grid element_classes alignnone no_border\" ><div class=\"image_wrapper \"><img decoding=\"async\" class=\"scale-with-grid\" src=\"\" alt=\"\" title=\"\" width=\"\" height=\"\" style=\"\"\/><\/div><\/div>\n <br><hr class=\"no_line\" style=\"margin: 0 auto 0px auto\"\/>\n <br><h4>LOGISTICA<\/h4> <br>La gestione di numerose spedizioni di prodotti verso varie destinazioni ci ha reso esperti di logistica e trasporti, fornendo anche servizi di consolidamento.<br><br>Ultime novit\u00e0 <br><br><div class=\"image_frame image_item no_link scale-with-grid element_classes alignnone no_border\" ><div class=\"image_wrapper \"><img decoding=\"async\" class=\"scale-with-grid\" src=\"\" alt=\"\" title=\"\" width=\"\" height=\"\" style=\"\"\/><\/div><\/div>\n <br><hr class=\"no_line\" style=\"margin: 0 auto 0px auto\"\/>\n <br> <br>Amarone della Valpolicella DOCG<br><br><br><div class=\"image_frame image_item no_link scale-with-grid element_classes alignnone no_border\" ><div class=\"image_wrapper \"><img decoding=\"async\" class=\"scale-with-grid\" src=\"\" alt=\"\" title=\"\" width=\"\" height=\"\" style=\"\"\/><\/div><\/div>\n <br><br> <br>Barolo DOCG<br><br><br><div class=\"image_frame image_item no_link scale-with-grid element_classes alignnone no_border\" ><div class=\"image_wrapper \"><img decoding=\"async\" class=\"scale-with-grid\" src=\"\" alt=\"\" title=\"\" width=\"\" height=\"\" style=\"\"\/><\/div><\/div>\n <br><br> <br>Barbaresco DOCG<br><br><br><div class=\"image_frame image_item no_link scale-with-grid element_classes alignnone no_border\" ><div class=\"image_wrapper \"><img decoding=\"async\" class=\"scale-with-grid\" src=\"\" alt=\"\" title=\"\" width=\"\" height=\"\" style=\"\"\/><\/div><\/div>\n <br> <br>Brunellodi Montalcino DOCG<br><br>Compila il form <br> <br>Per qualsiasi informazione relativa ai nostri prodotti o per mettersi in contatto con la nostra rete commerciale. <br><\/p>\n\n\n\n<p>CONTATTI <br>Tel. +39 0456448336  <br>E-mail info@gamafood.com<br><br><br><p class=\"wpcf7-contact-form-not-found\"><strong>Errore:<\/strong> Modulo di contatto non trovato.<\/p><br><br><\/p>\n","protected":false},"excerpt":{"rendered":"<p>DAL 1985, UNA STORIA DI PASSIONE E PROFESSIONALIT\u00c0 GAMAFOOD nasce nel 1985 come agenzia che promuove il patrimonio agro alimentare italiano principalmente nei mercati esteri. Crediamo<span class=\"excerpt-hellip\"> [\u2026]<\/span><\/p>\n","protected":false},"author":6,"featured_media":0,"parent":0,"menu_order":0,"comment_status":"closed","ping_status":"closed","template":"","meta":{"footnotes":""},"class_list":["post-174","page","type-page","status-publish","hentry"],"yoast_head":"<!-- This site is optimized with the Yoast SEO plugin v27.3 - https:\/\/yoast.com\/product\/yoast-seo-wordpress\/ -->\n<title>GAMAFOOD promuove il patrimonio agro alimentare italiano - Terre di Bo<\/title>\n<meta name=\"description\" content=\"GAMAFOOD nasce nel 1985 come agenzia che promuove il patrimonio agro alimentare italiano principalmente nei mercati esteri.\" \/>\n<meta name=\"robots\" content=\"index, follow, max-snippet:-1, max-image-preview:large, max-video-preview:-1\" \/>\n<link rel=\"canonical\" href=\"https:\/\/terredibo.com\/it\/chi-siamo\/\" \/>\n<meta property=\"og:locale\" content=\"it_IT\" \/>\n<meta property=\"og:type\" content=\"article\" \/>\n<meta property=\"og:title\" content=\"GAMAFOOD promuove il patrimonio agro alimentare italiano - Terre di Bo\" \/>\n<meta property=\"og:description\" content=\"GAMAFOOD nasce nel 1985 come agenzia che promuove il patrimonio agro alimentare italiano principalmente nei mercati esteri.\" \/>\n<meta property=\"og:url\" content=\"https:\/\/terredibo.com\/it\/chi-siamo\/\" \/>\n<meta property=\"og:site_name\" content=\"Terre di Bo\" \/>\n<meta property=\"article:publisher\" content=\"https:\/\/www.facebook.com\/profile.php?id=100008496946141\" \/>\n<meta property=\"article:modified_time\" content=\"2021-03-22T14:58:05+00:00\" \/>\n<meta property=\"og:image\" content=\"https:\/\/terredibo.com\/wp-content\/uploads\/2021\/02\/logo-gamafood.png\" \/>\n<meta name=\"twitter:card\" content=\"summary_large_image\" \/>\n<meta name=\"twitter:label1\" content=\"Tempo di lettura stimato\" \/>\n\t<meta name=\"twitter:data1\" content=\"3 minuti\" \/>\n<script type=\"application\/ld+json\" class=\"yoast-schema-graph\">{\"@context\":\"https:\\\/\\\/schema.org\",\"@graph\":[{\"@type\":\"WebPage\",\"@id\":\"https:\\\/\\\/terredibo.com\\\/it\\\/chi-siamo\\\/\",\"url\":\"https:\\\/\\\/terredibo.com\\\/it\\\/chi-siamo\\\/\",\"name\":\"GAMAFOOD promuove il patrimonio agro alimentare italiano - Terre di Bo\",\"isPartOf\":{\"@id\":\"https:\\\/\\\/terredibo.com\\\/it\\\/#website\"},\"primaryImageOfPage\":{\"@id\":\"https:\\\/\\\/terredibo.com\\\/it\\\/chi-siamo\\\/#primaryimage\"},\"image\":{\"@id\":\"https:\\\/\\\/terredibo.com\\\/it\\\/chi-siamo\\\/#primaryimage\"},\"thumbnailUrl\":\"https:\\\/\\\/terredibo.com\\\/wp-content\\\/uploads\\\/2021\\\/02\\\/logo-gamafood.png\",\"datePublished\":\"2021-02-27T11:03:10+00:00\",\"dateModified\":\"2021-03-22T14:58:05+00:00\",\"description\":\"GAMAFOOD nasce nel 1985 come agenzia che promuove il patrimonio agro alimentare italiano principalmente nei mercati esteri.\",\"breadcrumb\":{\"@id\":\"https:\\\/\\\/terredibo.com\\\/it\\\/chi-siamo\\\/#breadcrumb\"},\"inLanguage\":\"it-IT\",\"potentialAction\":[{\"@type\":\"ReadAction\",\"target\":[\"https:\\\/\\\/terredibo.com\\\/it\\\/chi-siamo\\\/\"]}]},{\"@type\":\"ImageObject\",\"inLanguage\":\"it-IT\",\"@id\":\"https:\\\/\\\/terredibo.com\\\/it\\\/chi-siamo\\\/#primaryimage\",\"url\":\"https:\\\/\\\/terredibo.com\\\/wp-content\\\/uploads\\\/2021\\\/02\\\/logo-gamafood.png\",\"contentUrl\":\"https:\\\/\\\/terredibo.com\\\/wp-content\\\/uploads\\\/2021\\\/02\\\/logo-gamafood.png\"},{\"@type\":\"BreadcrumbList\",\"@id\":\"https:\\\/\\\/terredibo.com\\\/it\\\/chi-siamo\\\/#breadcrumb\",\"itemListElement\":[{\"@type\":\"ListItem\",\"position\":1,\"name\":\"Home\",\"item\":\"https:\\\/\\\/terredibo.com\\\/it\\\/\"},{\"@type\":\"ListItem\",\"position\":2,\"name\":\"Chi siamo\"}]},{\"@type\":\"WebSite\",\"@id\":\"https:\\\/\\\/terredibo.com\\\/it\\\/#website\",\"url\":\"https:\\\/\\\/terredibo.com\\\/it\\\/\",\"name\":\"Terre di Bo\",\"description\":\"Ogni vino \u00e8 portatore di emozioni\",\"publisher\":{\"@id\":\"https:\\\/\\\/terredibo.com\\\/it\\\/#organization\"},\"potentialAction\":[{\"@type\":\"SearchAction\",\"target\":{\"@type\":\"EntryPoint\",\"urlTemplate\":\"https:\\\/\\\/terredibo.com\\\/it\\\/?s={search_term_string}\"},\"query-input\":{\"@type\":\"PropertyValueSpecification\",\"valueRequired\":true,\"valueName\":\"search_term_string\"}}],\"inLanguage\":\"it-IT\"},{\"@type\":\"Organization\",\"@id\":\"https:\\\/\\\/terredibo.com\\\/it\\\/#organization\",\"name\":\"Terre di bo\",\"url\":\"https:\\\/\\\/terredibo.com\\\/it\\\/\",\"logo\":{\"@type\":\"ImageObject\",\"inLanguage\":\"it-IT\",\"@id\":\"https:\\\/\\\/terredibo.com\\\/it\\\/#\\\/schema\\\/logo\\\/image\\\/\",\"url\":\"https:\\\/\\\/terredibo.com\\\/wp-content\\\/uploads\\\/2021\\\/02\\\/logo-terredi-bo-e1613744031390.jpg\",\"contentUrl\":\"https:\\\/\\\/terredibo.com\\\/wp-content\\\/uploads\\\/2021\\\/02\\\/logo-terredi-bo-e1613744031390.jpg\",\"width\":200,\"height\":193,\"caption\":\"Terre di bo\"},\"image\":{\"@id\":\"https:\\\/\\\/terredibo.com\\\/it\\\/#\\\/schema\\\/logo\\\/image\\\/\"},\"sameAs\":[\"https:\\\/\\\/www.facebook.com\\\/profile.php?id=100008496946141\"]}]}<\/script>\n<!-- \/ Yoast SEO plugin. -->","yoast_head_json":{"title":"GAMAFOOD promuove il patrimonio agro alimentare italiano - Terre di Bo","description":"GAMAFOOD nasce nel 1985 come agenzia che promuove il patrimonio agro alimentare italiano principalmente nei mercati esteri.","robots":{"index":"index","follow":"follow","max-snippet":"max-snippet:-1","max-image-preview":"max-image-preview:large","max-video-preview":"max-video-preview:-1"},"canonical":"https:\/\/terredibo.com\/it\/chi-siamo\/","og_locale":"it_IT","og_type":"article","og_title":"GAMAFOOD promuove il patrimonio agro alimentare italiano - Terre di Bo","og_description":"GAMAFOOD nasce nel 1985 come agenzia che promuove il patrimonio agro alimentare italiano principalmente nei mercati esteri.","og_url":"https:\/\/terredibo.com\/it\/chi-siamo\/","og_site_name":"Terre di Bo","article_publisher":"https:\/\/www.facebook.com\/profile.php?id=100008496946141","article_modified_time":"2021-03-22T14:58:05+00:00","og_image":[{"url":"https:\/\/terredibo.com\/wp-content\/uploads\/2021\/02\/logo-gamafood.png","type":"","width":"","height":""}],"twitter_card":"summary_large_image","twitter_misc":{"Tempo di lettura stimato":"3 minuti"},"schema":{"@context":"https:\/\/schema.org","@graph":[{"@type":"WebPage","@id":"https:\/\/terredibo.com\/it\/chi-siamo\/","url":"https:\/\/terredibo.com\/it\/chi-siamo\/","name":"GAMAFOOD promuove il patrimonio agro alimentare italiano - Terre di Bo","isPartOf":{"@id":"https:\/\/terredibo.com\/it\/#website"},"primaryImageOfPage":{"@id":"https:\/\/terredibo.com\/it\/chi-siamo\/#primaryimage"},"image":{"@id":"https:\/\/terredibo.com\/it\/chi-siamo\/#primaryimage"},"thumbnailUrl":"https:\/\/terredibo.com\/wp-content\/uploads\/2021\/02\/logo-gamafood.png","datePublished":"2021-02-27T11:03:10+00:00","dateModified":"2021-03-22T14:58:05+00:00","description":"GAMAFOOD nasce nel 1985 come agenzia che promuove il patrimonio agro alimentare italiano principalmente nei mercati esteri.","breadcrumb":{"@id":"https:\/\/terredibo.com\/it\/chi-siamo\/#breadcrumb"},"inLanguage":"it-IT","potentialAction":[{"@type":"ReadAction","target":["https:\/\/terredibo.com\/it\/chi-siamo\/"]}]},{"@type":"ImageObject","inLanguage":"it-IT","@id":"https:\/\/terredibo.com\/it\/chi-siamo\/#primaryimage","url":"https:\/\/terredibo.com\/wp-content\/uploads\/2021\/02\/logo-gamafood.png","contentUrl":"https:\/\/terredibo.com\/wp-content\/uploads\/2021\/02\/logo-gamafood.png"},{"@type":"BreadcrumbList","@id":"https:\/\/terredibo.com\/it\/chi-siamo\/#breadcrumb","itemListElement":[{"@type":"ListItem","position":1,"name":"Home","item":"https:\/\/terredibo.com\/it\/"},{"@type":"ListItem","position":2,"name":"Chi siamo"}]},{"@type":"WebSite","@id":"https:\/\/terredibo.com\/it\/#website","url":"https:\/\/terredibo.com\/it\/","name":"Terre di Bo","description":"Ogni vino \u00e8 portatore di emozioni","publisher":{"@id":"https:\/\/terredibo.com\/it\/#organization"},"potentialAction":[{"@type":"SearchAction","target":{"@type":"EntryPoint","urlTemplate":"https:\/\/terredibo.com\/it\/?s={search_term_string}"},"query-input":{"@type":"PropertyValueSpecification","valueRequired":true,"valueName":"search_term_string"}}],"inLanguage":"it-IT"},{"@type":"Organization","@id":"https:\/\/terredibo.com\/it\/#organization","name":"Terre di bo","url":"https:\/\/terredibo.com\/it\/","logo":{"@type":"ImageObject","inLanguage":"it-IT","@id":"https:\/\/terredibo.com\/it\/#\/schema\/logo\/image\/","url":"https:\/\/terredibo.com\/wp-content\/uploads\/2021\/02\/logo-terredi-bo-e1613744031390.jpg","contentUrl":"https:\/\/terredibo.com\/wp-content\/uploads\/2021\/02\/logo-terredi-bo-e1613744031390.jpg","width":200,"height":193,"caption":"Terre di bo"},"image":{"@id":"https:\/\/terredibo.com\/it\/#\/schema\/logo\/image\/"},"sameAs":["https:\/\/www.facebook.com\/profile.php?id=100008496946141"]}]}},"_links":{"self":[{"href":"https:\/\/terredibo.com\/it\/wp-json\/wp\/v2\/pages\/174","targetHints":{"allow":["GET"]}}],"collection":[{"href":"https:\/\/terredibo.com\/it\/wp-json\/wp\/v2\/pages"}],"about":[{"href":"https:\/\/terredibo.com\/it\/wp-json\/wp\/v2\/types\/page"}],"author":[{"embeddable":true,"href":"https:\/\/terredibo.com\/it\/wp-json\/wp\/v2\/users\/6"}],"replies":[{"embeddable":true,"href":"https:\/\/terredibo.com\/it\/wp-json\/wp\/v2\/comments?post=174"}],"version-history":[{"count":3,"href":"https:\/\/terredibo.com\/it\/wp-json\/wp\/v2\/pages\/174\/revisions"}],"predecessor-version":[{"id":482,"href":"https:\/\/terredibo.com\/it\/wp-json\/wp\/v2\/pages\/174\/revisions\/482"}],"wp:attachment":[{"href":"https:\/\/terredibo.com\/it\/wp-json\/wp\/v2\/media?parent=174"}],"curies":[{"name":"wp","href":"https:\/\/api.w.org\/{rel}","templated":true}]}}