{"id":147,"date":"2021-02-19T14:38:43","date_gmt":"2021-02-19T14:38:43","guid":{"rendered":"https:\/\/terredibo.com\/home-2\/"},"modified":"2025-11-25T09:46:42","modified_gmt":"2025-11-25T08:46:42","slug":"home-2","status":"publish","type":"page","link":"https:\/\/terredibo.com\/it\/","title":{"rendered":"Home"},"content":{"rendered":"\n<p><br><br><img decoding=\"async\" src=\"https:\/\/terredibo.com\/wp-content\/uploads\/2021\/03\/winecollection-terredibo-white.png\" alt=\"winecollection-terredibo-white\"><br><br><div class=\"mfn_heading  align_left\"><h2 class=\"title\" > <br><div class=\"image_frame image_item no_link scale-with-grid element_classes alignnone no_border\" ><div class=\"image_wrapper \"><img decoding=\"async\" class=\"scale-with-grid\" src=\"\" alt=\"\" title=\"\" width=\"\" height=\"\" style=\"\"\/><\/div><\/div>\n <br> <\/h2><\/div>\n <br><br><br> <br><a href=\"https:\/\/terredibo.com\/it\/brunello-di-montalcino-docg\/\"><div class=\"image_frame image_item no_link scale-with-grid element_classes alignnone no_border\" ><div class=\"image_wrapper \"><img decoding=\"async\" class=\"scale-with-grid\" src=\"\" alt=\"\" title=\"\" width=\"\" height=\"\" style=\"\"\/><\/div><\/div>\n <br><\/a> <br><a href=\"https:\/\/terredibo.com\/it\/barbaresco-docg\/\"><div class=\"image_frame image_item no_link scale-with-grid element_classes alignnone no_border\" ><div class=\"image_wrapper \"><img decoding=\"async\" class=\"scale-with-grid\" src=\"\" alt=\"\" title=\"\" width=\"\" height=\"\" style=\"\"\/><\/div><\/div>\n <br><\/a>  <br><a href=\"https:\/\/terredibo.com\/it\/amarone-della-valpolicella-docg\/\"><div class=\"image_frame image_item no_link scale-with-grid element_classes alignnone no_border\" ><div class=\"image_wrapper \"><img decoding=\"async\" class=\"scale-with-grid\" src=\"\" alt=\"\" title=\"\" width=\"\" height=\"\" style=\"\"\/><\/div><\/div>\n<\/a>  <br><a href=\"https:\/\/terredibo.com\/it\/barolo-docg\/\"><div class=\"image_frame image_item no_link scale-with-grid element_classes alignnone no_border\" ><div class=\"image_wrapper \"><img decoding=\"async\" class=\"scale-with-grid\" src=\"\" alt=\"\" title=\"\" width=\"\" height=\"\" style=\"\"\/><\/div><\/div>\n <br><\/a> <br><a href=\"https:\/\/terredibo.com\/it\/chianti-docg\/\"><div class=\"image_frame image_item no_link scale-with-grid element_classes alignnone no_border\" ><div class=\"image_wrapper \"><img decoding=\"async\" class=\"scale-with-grid\" src=\"\" alt=\"\" title=\"\" width=\"\" height=\"\" style=\"\"\/><\/div><\/div>\n <br><\/a>  <br><a href=\"https:\/\/terredibo.com\/it\/chianti-riserva-docg\/\"><div class=\"image_frame image_item no_link scale-with-grid element_classes alignnone no_border\" ><div class=\"image_wrapper \"><img decoding=\"async\" class=\"scale-with-grid\" src=\"\" alt=\"\" title=\"\" width=\"\" height=\"\" style=\"\"\/><\/div><\/div>\n <br><\/a>  <br><a href=\"https:\/\/terredibo.com\/it\/chianti-classico-docg\/\"><div class=\"image_frame image_item no_link scale-with-grid element_classes alignnone no_border\" ><div class=\"image_wrapper \"><img decoding=\"async\" class=\"scale-with-grid\" src=\"\" alt=\"\" title=\"\" width=\"\" height=\"\" style=\"\"\/><\/div><\/div>\n <br><\/a>  <br> <br><br><br><div class=\"mfn_heading  align_left\"><h2 class=\"title\" > <br><div class=\"image_frame image_item no_link scale-with-grid element_classes alignnone no_border\" ><div class=\"image_wrapper \"><img decoding=\"async\" class=\"scale-with-grid\" src=\"\" alt=\"\" title=\"\" width=\"\" height=\"\" style=\"\"\/><\/div><\/div>\n <br> <\/h2><\/div>\n <br><br> <br><img decoding=\"async\" src=\"https:\/\/terredibo.com\/wp-content\/uploads\/2021\/03\/terredibo-background-wines.jpg\" alt=\"\"><br><br><img decoding=\"async\" src=\"https:\/\/terredibo.com\/wp-content\/uploads\/2021\/02\/grappolo-uva.jpg\" alt=\"\"><br><br>L&#8217;amore e la passione per il VINO coinvolgono la famiglia Machetti  gi\u00e0 dal 1985 che ora realizza un progetto.  <br>Un ulteriore capitolo si aggiunge alla storia della nostra azienda raccontando storie di vini fatti con passione.  <br>TERRE DI BO <strong>Wine Collection<\/strong> \u00e8 un viaggio in alcune regioni italiane dove si producono i vini italiani pi\u00f9 rinomati mondo, apprezzati dagli appassionati e che rappresentano il valore e l\\&#8217;onore dell&#8217;enologia italiana. <br>Ogni vino \u00e8 portatore di emozioni, una gioia e un piacere da scoprire e da bere. <br>Cin cin!<br><br><br>LEGGI TUTTO<br><a href=\"https:\/\/terredibo.com\/it\/chi-siamo\/\">https:\/\/terredibo.com\/it\/chi-siamo\/<\/a><br><br><br> <br><h5>Amarone  <br>della Valpolicella  <br>DOCG<\/h5><br> <br><a class=\"button  button_size_2\" href=\"\"         title=\"\"><span class=\"button_label\">Button<\/span><\/a>\n <br><br>right<br>center<br>no-repeat;left top;;<br>auto<br>fadeIn<br><br> <br><h5>Barolo <br>DOCG<\/h5> <br><a class=\"button  button_size_2\" href=\"\"         title=\"\"><span class=\"button_label\">Button<\/span><\/a>\n <br><br><br><br> <br><h5>Barbaresco <br>DOCG<\/h5> <br><a class=\"button  button_size_2\" href=\"\"         title=\"\"><span class=\"button_label\">Button<\/span><\/a>\n <br><br><br><br> <br><h5>Brunello di Montalcino <br>DOCG<\/h5> <br> <br><a class=\"button  button_size_2\" href=\"\"         title=\"\"><span class=\"button_label\">Button<\/span><\/a>\n <br><br><br><br> <br><h5>Chianti <br>DOCG<\/h5> <br><a class=\"button  button_size_2\" href=\"\"         title=\"\"><span class=\"button_label\">Button<\/span><\/a>\n <br><br><br><br> <br><h5>Chianti Riserva <br>DOCG<\/h5> <br> <br><a class=\"button  button_size_2\" href=\"\"         title=\"\"><span class=\"button_label\">Button<\/span><\/a>\n <br><br><br> <br><h5>Chianti Classico <br>DOCG<\/h5> <br> <br><a class=\"button  button_size_2\" href=\"\"         title=\"\"><span class=\"button_label\">Button<\/span><\/a>\n <br><br><br>Vini italiani unici. Capolavori italiani della natura apprezzati in tutto il mondo. <br> <br><a href=\"https:\/\/terredibo.com\/it\/scopri-la-provenienza\/\"><h5>SCOPRI LA PROVENIENZA<\/h5><\/a><br><br><br>Le ultime novit\u00e0<br><br><br><a href=\"https:\/\/terredibo.com\/it\/amarone-della-valpolicella-docg\/\"><div class=\"image_frame image_item no_link scale-with-grid element_classes alignnone no_border\" ><div class=\"image_wrapper \"><img decoding=\"async\" class=\"scale-with-grid\" src=\"\" alt=\"\" title=\"\" width=\"\" height=\"\" style=\"\"\/><\/div><\/div>\n<\/a> <br><hr class=\"no_line\" style=\"margin: 0 auto 0px auto\"\/>\n <br> <br>Amarone della Valpolicella DOCG<br><br><br><a href=\"https:\/\/terredibo.com\/it\/barolo-docg\/\"><div class=\"image_frame image_item no_link scale-with-grid element_classes alignnone no_border\" ><div class=\"image_wrapper \"><img decoding=\"async\" class=\"scale-with-grid\" src=\"\" alt=\"\" title=\"\" width=\"\" height=\"\" style=\"\"\/><\/div><\/div>\n <br><\/a><hr class=\"no_line\" style=\"margin: 0 auto 0px auto\"\/>\n <br> <br>Barolo DOCG<br><br><br><a href=\"https:\/\/terredibo.com\/it\/barbaresco-docg\/\"><div class=\"image_frame image_item no_link scale-with-grid element_classes alignnone no_border\" ><div class=\"image_wrapper \"><img decoding=\"async\" class=\"scale-with-grid\" src=\"\" alt=\"\" title=\"\" width=\"\" height=\"\" style=\"\"\/><\/div><\/div>\n <br><\/a><hr class=\"no_line\" style=\"margin: 0 auto 0px auto\"\/>\n <br> <br>Barbaresco DOCG<br><br><br><a href=\"https:\/\/terredibo.com\/it\/brunello-di-montalcino-docg\/\"><div class=\"image_frame image_item no_link scale-with-grid element_classes alignnone no_border\" ><div class=\"image_wrapper \"><img decoding=\"async\" class=\"scale-with-grid\" src=\"\" alt=\"\" title=\"\" width=\"\" height=\"\" style=\"\"\/><\/div><\/div>\n <br><\/a><hr class=\"no_line\" style=\"margin: 0 auto 0px auto\"\/>\n <br> <br>Brunellodi Montalcino DOCG<br><br><br>Rimani aggiornato <br><br><br><br><br>Compila il form <br> <br>Per qualsiasi informazione relativa ai nostri prodotti o per mettersi in contatto con la nostra rete commerciale. <br><br>CONTATTI <br><br>Tel. +39 0456448336  <br>E-mail info@gamafood.com<br><br><p class=\"wpcf7-contact-form-not-found\"><strong>Errore:<\/strong> Modulo di contatto non trovato.<\/p><br><br><br><\/p>\n","protected":false},"excerpt":{"rendered":"<p>L&#8217;amore e la passione per il VINO coinvolgono la famiglia Machetti gi\u00e0 dal 1985 che ora realizza un progetto. Un ulteriore capitolo si aggiunge alla storia<span class=\"excerpt-hellip\"> [\u2026]<\/span><\/p>\n","protected":false},"author":6,"featured_media":0,"parent":0,"menu_order":0,"comment_status":"open","ping_status":"closed","template":"","meta":{"footnotes":""},"class_list":["post-147","page","type-page","status-publish","hentry"],"yoast_head":"<!-- This site is optimized with the Yoast SEO plugin v27.3 - https:\/\/yoast.com\/product\/yoast-seo-wordpress\/ -->\n<title>Un viaggio nei territori dei vini italiani pi\u00f9 rinomati - Terre di Bo<\/title>\n<meta name=\"description\" content=\"TERRE DI BO Wine Collection \u00e8 un viaggio in alcune regioni italiane dove si producono i vini italiani pi\u00f9 rinomati mondo.\" \/>\n<meta name=\"robots\" content=\"index, follow, max-snippet:-1, max-image-preview:large, max-video-preview:-1\" \/>\n<link rel=\"canonical\" href=\"https:\/\/terredibo.com\/it\/\" \/>\n<meta property=\"og:locale\" content=\"it_IT\" \/>\n<meta property=\"og:type\" content=\"article\" \/>\n<meta property=\"og:title\" content=\"Un viaggio nei territori dei vini italiani pi\u00f9 rinomati - Terre di Bo\" \/>\n<meta property=\"og:description\" content=\"TERRE DI BO Wine Collection \u00e8 un viaggio in alcune regioni italiane dove si producono i vini italiani pi\u00f9 rinomati mondo.\" \/>\n<meta property=\"og:url\" content=\"https:\/\/terredibo.com\/it\/\" \/>\n<meta property=\"og:site_name\" content=\"Terre di Bo\" \/>\n<meta property=\"article:publisher\" content=\"https:\/\/www.facebook.com\/profile.php?id=100008496946141\" \/>\n<meta property=\"article:modified_time\" content=\"2025-11-25T08:46:42+00:00\" \/>\n<meta property=\"og:image\" content=\"https:\/\/terredibo.com\/wp-content\/uploads\/2021\/03\/terre-di-bo-home-head.jpg\" \/>\n<meta name=\"twitter:card\" content=\"summary_large_image\" \/>\n<meta name=\"twitter:label1\" content=\"Tempo di lettura stimato\" \/>\n\t<meta name=\"twitter:data1\" content=\"3 minuti\" \/>\n<script type=\"application\/ld+json\" class=\"yoast-schema-graph\">{\"@context\":\"https:\\\/\\\/schema.org\",\"@graph\":[{\"@type\":\"WebPage\",\"@id\":\"https:\\\/\\\/terredibo.com\\\/it\\\/\",\"url\":\"https:\\\/\\\/terredibo.com\\\/it\\\/\",\"name\":\"Un viaggio nei territori dei vini italiani pi\u00f9 rinomati - Terre di Bo\",\"isPartOf\":{\"@id\":\"https:\\\/\\\/terredibo.com\\\/it\\\/#website\"},\"primaryImageOfPage\":{\"@id\":\"https:\\\/\\\/terredibo.com\\\/it\\\/#primaryimage\"},\"image\":{\"@id\":\"https:\\\/\\\/terredibo.com\\\/it\\\/#primaryimage\"},\"thumbnailUrl\":\"https:\\\/\\\/terredibo.com\\\/wp-content\\\/uploads\\\/2021\\\/03\\\/winecollection-terredibo-white.png\",\"datePublished\":\"2021-02-19T14:38:43+00:00\",\"dateModified\":\"2025-11-25T08:46:42+00:00\",\"description\":\"TERRE DI BO Wine Collection \u00e8 un viaggio in alcune regioni italiane dove si producono i vini italiani pi\u00f9 rinomati mondo.\",\"breadcrumb\":{\"@id\":\"https:\\\/\\\/terredibo.com\\\/it\\\/#breadcrumb\"},\"inLanguage\":\"it-IT\",\"potentialAction\":[{\"@type\":\"ReadAction\",\"target\":[\"https:\\\/\\\/terredibo.com\\\/it\\\/\"]}]},{\"@type\":\"ImageObject\",\"inLanguage\":\"it-IT\",\"@id\":\"https:\\\/\\\/terredibo.com\\\/it\\\/#primaryimage\",\"url\":\"https:\\\/\\\/terredibo.com\\\/wp-content\\\/uploads\\\/2021\\\/03\\\/winecollection-terredibo-white.png\",\"contentUrl\":\"https:\\\/\\\/terredibo.com\\\/wp-content\\\/uploads\\\/2021\\\/03\\\/winecollection-terredibo-white.png\"},{\"@type\":\"BreadcrumbList\",\"@id\":\"https:\\\/\\\/terredibo.com\\\/it\\\/#breadcrumb\",\"itemListElement\":[{\"@type\":\"ListItem\",\"position\":1,\"name\":\"Home\",\"item\":\"https:\\\/\\\/terredibo.com\\\/it\\\/\"},{\"@type\":\"ListItem\",\"position\":2,\"name\":\"Home\"}]},{\"@type\":\"WebSite\",\"@id\":\"https:\\\/\\\/terredibo.com\\\/it\\\/#website\",\"url\":\"https:\\\/\\\/terredibo.com\\\/it\\\/\",\"name\":\"Terre di Bo\",\"description\":\"Ogni vino \u00e8 portatore di emozioni\",\"publisher\":{\"@id\":\"https:\\\/\\\/terredibo.com\\\/it\\\/#organization\"},\"potentialAction\":[{\"@type\":\"SearchAction\",\"target\":{\"@type\":\"EntryPoint\",\"urlTemplate\":\"https:\\\/\\\/terredibo.com\\\/it\\\/?s={search_term_string}\"},\"query-input\":{\"@type\":\"PropertyValueSpecification\",\"valueRequired\":true,\"valueName\":\"search_term_string\"}}],\"inLanguage\":\"it-IT\"},{\"@type\":\"Organization\",\"@id\":\"https:\\\/\\\/terredibo.com\\\/it\\\/#organization\",\"name\":\"Terre di bo\",\"url\":\"https:\\\/\\\/terredibo.com\\\/it\\\/\",\"logo\":{\"@type\":\"ImageObject\",\"inLanguage\":\"it-IT\",\"@id\":\"https:\\\/\\\/terredibo.com\\\/it\\\/#\\\/schema\\\/logo\\\/image\\\/\",\"url\":\"https:\\\/\\\/terredibo.com\\\/wp-content\\\/uploads\\\/2021\\\/02\\\/logo-terredi-bo-e1613744031390.jpg\",\"contentUrl\":\"https:\\\/\\\/terredibo.com\\\/wp-content\\\/uploads\\\/2021\\\/02\\\/logo-terredi-bo-e1613744031390.jpg\",\"width\":200,\"height\":193,\"caption\":\"Terre di bo\"},\"image\":{\"@id\":\"https:\\\/\\\/terredibo.com\\\/it\\\/#\\\/schema\\\/logo\\\/image\\\/\"},\"sameAs\":[\"https:\\\/\\\/www.facebook.com\\\/profile.php?id=100008496946141\"]}]}<\/script>\n<!-- \/ Yoast SEO plugin. -->","yoast_head_json":{"title":"Un viaggio nei territori dei vini italiani pi\u00f9 rinomati - Terre di Bo","description":"TERRE DI BO Wine Collection \u00e8 un viaggio in alcune regioni italiane dove si producono i vini italiani pi\u00f9 rinomati mondo.","robots":{"index":"index","follow":"follow","max-snippet":"max-snippet:-1","max-image-preview":"max-image-preview:large","max-video-preview":"max-video-preview:-1"},"canonical":"https:\/\/terredibo.com\/it\/","og_locale":"it_IT","og_type":"article","og_title":"Un viaggio nei territori dei vini italiani pi\u00f9 rinomati - Terre di Bo","og_description":"TERRE DI BO Wine Collection \u00e8 un viaggio in alcune regioni italiane dove si producono i vini italiani pi\u00f9 rinomati mondo.","og_url":"https:\/\/terredibo.com\/it\/","og_site_name":"Terre di Bo","article_publisher":"https:\/\/www.facebook.com\/profile.php?id=100008496946141","article_modified_time":"2025-11-25T08:46:42+00:00","og_image":[{"url":"https:\/\/terredibo.com\/wp-content\/uploads\/2021\/03\/terre-di-bo-home-head.jpg","type":"","width":"","height":""}],"twitter_card":"summary_large_image","twitter_misc":{"Tempo di lettura stimato":"3 minuti"},"schema":{"@context":"https:\/\/schema.org","@graph":[{"@type":"WebPage","@id":"https:\/\/terredibo.com\/it\/","url":"https:\/\/terredibo.com\/it\/","name":"Un viaggio nei territori dei vini italiani pi\u00f9 rinomati - Terre di Bo","isPartOf":{"@id":"https:\/\/terredibo.com\/it\/#website"},"primaryImageOfPage":{"@id":"https:\/\/terredibo.com\/it\/#primaryimage"},"image":{"@id":"https:\/\/terredibo.com\/it\/#primaryimage"},"thumbnailUrl":"https:\/\/terredibo.com\/wp-content\/uploads\/2021\/03\/winecollection-terredibo-white.png","datePublished":"2021-02-19T14:38:43+00:00","dateModified":"2025-11-25T08:46:42+00:00","description":"TERRE DI BO Wine Collection \u00e8 un viaggio in alcune regioni italiane dove si producono i vini italiani pi\u00f9 rinomati mondo.","breadcrumb":{"@id":"https:\/\/terredibo.com\/it\/#breadcrumb"},"inLanguage":"it-IT","potentialAction":[{"@type":"ReadAction","target":["https:\/\/terredibo.com\/it\/"]}]},{"@type":"ImageObject","inLanguage":"it-IT","@id":"https:\/\/terredibo.com\/it\/#primaryimage","url":"https:\/\/terredibo.com\/wp-content\/uploads\/2021\/03\/winecollection-terredibo-white.png","contentUrl":"https:\/\/terredibo.com\/wp-content\/uploads\/2021\/03\/winecollection-terredibo-white.png"},{"@type":"BreadcrumbList","@id":"https:\/\/terredibo.com\/it\/#breadcrumb","itemListElement":[{"@type":"ListItem","position":1,"name":"Home","item":"https:\/\/terredibo.com\/it\/"},{"@type":"ListItem","position":2,"name":"Home"}]},{"@type":"WebSite","@id":"https:\/\/terredibo.com\/it\/#website","url":"https:\/\/terredibo.com\/it\/","name":"Terre di Bo","description":"Ogni vino \u00e8 portatore di emozioni","publisher":{"@id":"https:\/\/terredibo.com\/it\/#organization"},"potentialAction":[{"@type":"SearchAction","target":{"@type":"EntryPoint","urlTemplate":"https:\/\/terredibo.com\/it\/?s={search_term_string}"},"query-input":{"@type":"PropertyValueSpecification","valueRequired":true,"valueName":"search_term_string"}}],"inLanguage":"it-IT"},{"@type":"Organization","@id":"https:\/\/terredibo.com\/it\/#organization","name":"Terre di bo","url":"https:\/\/terredibo.com\/it\/","logo":{"@type":"ImageObject","inLanguage":"it-IT","@id":"https:\/\/terredibo.com\/it\/#\/schema\/logo\/image\/","url":"https:\/\/terredibo.com\/wp-content\/uploads\/2021\/02\/logo-terredi-bo-e1613744031390.jpg","contentUrl":"https:\/\/terredibo.com\/wp-content\/uploads\/2021\/02\/logo-terredi-bo-e1613744031390.jpg","width":200,"height":193,"caption":"Terre di bo"},"image":{"@id":"https:\/\/terredibo.com\/it\/#\/schema\/logo\/image\/"},"sameAs":["https:\/\/www.facebook.com\/profile.php?id=100008496946141"]}]}},"_links":{"self":[{"href":"https:\/\/terredibo.com\/it\/wp-json\/wp\/v2\/pages\/147","targetHints":{"allow":["GET"]}}],"collection":[{"href":"https:\/\/terredibo.com\/it\/wp-json\/wp\/v2\/pages"}],"about":[{"href":"https:\/\/terredibo.com\/it\/wp-json\/wp\/v2\/types\/page"}],"author":[{"embeddable":true,"href":"https:\/\/terredibo.com\/it\/wp-json\/wp\/v2\/users\/6"}],"replies":[{"embeddable":true,"href":"https:\/\/terredibo.com\/it\/wp-json\/wp\/v2\/comments?post=147"}],"version-history":[{"count":2,"href":"https:\/\/terredibo.com\/it\/wp-json\/wp\/v2\/pages\/147\/revisions"}],"predecessor-version":[{"id":478,"href":"https:\/\/terredibo.com\/it\/wp-json\/wp\/v2\/pages\/147\/revisions\/478"}],"wp:attachment":[{"href":"https:\/\/terredibo.com\/it\/wp-json\/wp\/v2\/media?parent=147"}],"curies":[{"name":"wp","href":"https:\/\/api.w.org\/{rel}","templated":true}]}}